{"id":999,"date":"2025-11-23T09:54:11","date_gmt":"2025-11-23T09:54:11","guid":{"rendered":"https:\/\/svetmedziriadkami.sk\/?page_id=999"},"modified":"2025-11-23T20:21:32","modified_gmt":"2025-11-23T20:21:32","slug":"partners","status":"publish","type":"page","link":"https:\/\/svetmedziriadkami.sk\/en\/partners\/","title":{"rendered":"PARTNERS"},"content":{"rendered":"<div data-elementor-type=\"wp-page\" data-elementor-id=\"999\" class=\"elementor elementor-999\" data-elementor-post-type=\"page\">\n\t\t\t\t<div class=\"elementor-element elementor-element-4d134d3 e-flex e-con-boxed e-con e-parent\" data-id=\"4d134d3\" data-element_type=\"container\">\n\t\t\t\t\t<div class=\"e-con-inner\">\n\t\t\t\t<div class=\"elementor-element elementor-element-2a09e70 elementor-widget elementor-widget-heading\" data-id=\"2a09e70\" data-element_type=\"widget\" data-widget_type=\"heading.default\">\n\t\t\t\t\t<h2 class=\"elementor-heading-title elementor-size-default\">Partners and supporters<\/h2>\t\t\t\t<\/div>\n\t\t\t\t<div class=\"elementor-element elementor-element-ceb3d75 elementor-widget__width-inherit elementor-widget elementor-widget-text-editor\" data-id=\"ceb3d75\" data-element_type=\"widget\" data-widget_type=\"text-editor.default\">\n\t\t\t\t\t\t\t\t\t<p><span style=\"font-weight: 400;\">Svet medzi riadkami is created in collaboration with academic institutions, media outlets and non-governmental organisations across Europe. We connect university courses with newsrooms and students with experienced journalists.<\/span><\/p>\t\t\t\t\t\t\t\t<\/div>\n\t\t\t\t\t<\/div>\n\t\t\t\t<\/div>\n\t\t<div class=\"elementor-element elementor-element-211602f e-flex e-con-boxed e-con e-parent\" data-id=\"211602f\" data-element_type=\"container\">\n\t\t\t\t\t<div class=\"e-con-inner\">\n\t\t<div class=\"elementor-element elementor-element-91bc8ec e-con-full e-flex e-con e-child\" data-id=\"91bc8ec\" data-element_type=\"container\">\n\t\t\t\t<div class=\"elementor-element elementor-element-b2eee73 elementor-widget elementor-widget-image\" data-id=\"b2eee73\" data-element_type=\"widget\" data-widget_type=\"image.default\">\n\t\t\t\t\t\t\t\t\t\t\t\t\t\t\t<img decoding=\"async\" src=\"https:\/\/svetmedziriadkami.sk\/wp-content\/uploads\/elementor\/thumbs\/fin_w_-187-rf4z9pvvjerip57cgfqb5a8alw18dw43qhzljfysxs.jpg\" title=\"fin_w_-187\" alt=\"fin_w_-187\" loading=\"lazy\" \/>\t\t\t\t\t\t\t\t\t\t\t\t\t\t\t<\/div>\n\t\t\t\t<\/div>\n\t\t<div class=\"elementor-element elementor-element-19ef535 e-con-full e-flex e-con e-child\" data-id=\"19ef535\" data-element_type=\"container\">\n\t\t\t\t<div class=\"elementor-element elementor-element-66f26b1 elementor-widget elementor-widget-image\" data-id=\"66f26b1\" data-element_type=\"widget\" data-widget_type=\"image.default\">\n\t\t\t\t\t\t\t\t\t\t\t\t\t\t\t<img fetchpriority=\"high\" decoding=\"async\" width=\"800\" height=\"527\" src=\"https:\/\/svetmedziriadkami.sk\/wp-content\/uploads\/2025\/11\/05-Spolocne-foto-5D-14-1024x674.jpg\" class=\"attachment-large size-large wp-image-1001\" alt=\"\" srcset=\"https:\/\/svetmedziriadkami.sk\/wp-content\/uploads\/2025\/11\/05-Spolocne-foto-5D-14-1024x674.jpg 1024w, https:\/\/svetmedziriadkami.sk\/wp-content\/uploads\/2025\/11\/05-Spolocne-foto-5D-14-300x198.jpg 300w, https:\/\/svetmedziriadkami.sk\/wp-content\/uploads\/2025\/11\/05-Spolocne-foto-5D-14-768x506.jpg 768w, https:\/\/svetmedziriadkami.sk\/wp-content\/uploads\/2025\/11\/05-Spolocne-foto-5D-14-1536x1012.jpg 1536w, https:\/\/svetmedziriadkami.sk\/wp-content\/uploads\/2025\/11\/05-Spolocne-foto-5D-14-2048x1349.jpg 2048w\" sizes=\"(max-width: 800px) 100vw, 800px\" \/>\t\t\t\t\t\t\t\t\t\t\t\t\t\t\t<\/div>\n\t\t\t\t<\/div>\n\t\t<div class=\"elementor-element elementor-element-3742157 e-con-full e-flex e-con e-child\" data-id=\"3742157\" data-element_type=\"container\">\n\t\t\t\t<div class=\"elementor-element elementor-element-5162ae5 elementor-widget elementor-widget-image\" data-id=\"5162ae5\" data-element_type=\"widget\" data-widget_type=\"image.default\">\n\t\t\t\t\t\t\t\t\t\t\t\t\t\t\t<img decoding=\"async\" src=\"https:\/\/svetmedziriadkami.sk\/wp-content\/uploads\/elementor\/thumbs\/05-Spolocne-foto-5D-6-1-scaled-rf4zauaxpaaukdkmwf79mi145gi0kvkk821h6cavi8.jpg\" title=\"05 Spolo\u010dn\u00e9 foto 5D (6) (1)\" alt=\"05 Spolo\u010dn\u00e9 foto 5D (6) (1)\" loading=\"lazy\" \/>\t\t\t\t\t\t\t\t\t\t\t\t\t\t\t<\/div>\n\t\t\t\t<\/div>\n\t\t\t\t\t<\/div>\n\t\t\t\t<\/div>\n\t\t<div class=\"elementor-element elementor-element-7772a98 e-flex e-con-boxed e-con e-parent\" data-id=\"7772a98\" data-element_type=\"container\">\n\t\t\t\t\t<div class=\"e-con-inner\">\n\t\t<div class=\"elementor-element elementor-element-b8f7a53 e-con-full e-flex e-con e-child\" data-id=\"b8f7a53\" data-element_type=\"container\">\n\t\t\t\t<div class=\"elementor-element elementor-element-753a492 elementor-widget elementor-widget-heading\" data-id=\"753a492\" data-element_type=\"widget\" data-widget_type=\"heading.default\">\n\t\t\t\t\t<h2 class=\"elementor-heading-title elementor-size-default\">ACADEMIC PARTNERS<\/h2>\t\t\t\t<\/div>\n\t\t\t\t<div class=\"elementor-element elementor-element-1687697 elementor-widget__width-inherit elementor-widget elementor-widget-text-editor\" data-id=\"1687697\" data-element_type=\"widget\" data-widget_type=\"text-editor.default\">\n\t\t\t\t\t\t\t\t\t<p><span style=\"font-weight: 400;\">We teach courses focused on global topics and media and information literacy at selected journalism departments. Students from these universities can participate in the festival as co-organisers, receive reporting scholarships and have their work published in our media specials. The collaboration is a two-way process: university educators contribute to the creation of educational materials and lead discussions at the festival.\u00a0<\/span><\/p>\t\t\t\t\t\t\t\t<\/div>\n\t\t\t\t<\/div>\n\t\t<div class=\"elementor-element elementor-element-a5b890d e-con-full e-flex e-con e-child\" data-id=\"a5b890d\" data-element_type=\"container\">\n\t\t\t\t<div class=\"elementor-element elementor-element-df685d5 elementor-widget elementor-widget-image\" data-id=\"df685d5\" data-element_type=\"widget\" data-widget_type=\"image.default\">\n\t\t\t\t\t\t\t\t\t\t\t\t\t\t\t<img decoding=\"async\" width=\"800\" height=\"534\" src=\"https:\/\/svetmedziriadkami.sk\/wp-content\/uploads\/2025\/11\/01-Struggle-for-independent-media-35-1024x683.jpg\" class=\"attachment-large size-large wp-image-1002\" alt=\"\" srcset=\"https:\/\/svetmedziriadkami.sk\/wp-content\/uploads\/2025\/11\/01-Struggle-for-independent-media-35-1024x683.jpg 1024w, https:\/\/svetmedziriadkami.sk\/wp-content\/uploads\/2025\/11\/01-Struggle-for-independent-media-35-300x200.jpg 300w, https:\/\/svetmedziriadkami.sk\/wp-content\/uploads\/2025\/11\/01-Struggle-for-independent-media-35-768x512.jpg 768w, https:\/\/svetmedziriadkami.sk\/wp-content\/uploads\/2025\/11\/01-Struggle-for-independent-media-35-1536x1024.jpg 1536w, https:\/\/svetmedziriadkami.sk\/wp-content\/uploads\/2025\/11\/01-Struggle-for-independent-media-35-2048x1365.jpg 2048w\" sizes=\"(max-width: 800px) 100vw, 800px\" \/>\t\t\t\t\t\t\t\t\t\t\t\t\t\t\t<\/div>\n\t\t\t\t<\/div>\n\t\t\t\t\t<\/div>\n\t\t\t\t<\/div>\n\t\t<div class=\"elementor-element elementor-element-559f2c4 e-flex e-con-boxed e-con e-parent\" data-id=\"559f2c4\" data-element_type=\"container\">\n\t\t\t\t\t<div class=\"e-con-inner\">\n\t\t<div class=\"elementor-element elementor-element-61fac25 e-con-full e-flex e-con e-child\" data-id=\"61fac25\" data-element_type=\"container\">\n\t\t\t\t<div class=\"elementor-element elementor-element-067b797 elementor-widget elementor-widget-heading\" data-id=\"067b797\" data-element_type=\"widget\" data-widget_type=\"heading.default\">\n\t\t\t\t\t<h2 class=\"elementor-heading-title elementor-size-default\">Universities in Slovakia<\/h2>\t\t\t\t<\/div>\n\t\t\t\t<div class=\"elementor-element elementor-element-2f2417d elementor-widget elementor-widget-text-editor\" data-id=\"2f2417d\" data-element_type=\"widget\" data-widget_type=\"text-editor.default\">\n\t\t\t\t\t\t\t\t\t<ul><li style=\"font-weight: 400;\" aria-level=\"1\"><span style=\"font-weight: 400;\">Department of Journalism, Comenius University in Bratislava<\/span><\/li><li style=\"font-weight: 400;\" aria-level=\"1\"><span style=\"font-weight: 400;\">Department of Mass Media Communication, University of Saints Cyril and Methodius in Trnava<\/span><\/li><li style=\"font-weight: 400;\" aria-level=\"1\"><span style=\"font-weight: 400;\">Department of Journalism and New Media, Constantine the Philosopher University in Nitra<\/span><\/li><li style=\"font-weight: 400;\" aria-level=\"1\"><span style=\"font-weight: 400;\">Department of Journalism, Catholic University in Ru\u017eomberok<\/span><\/li><\/ul>\t\t\t\t\t\t\t\t<\/div>\n\t\t\t\t<\/div>\n\t\t<div class=\"elementor-element elementor-element-20b3d08 e-con-full e-flex e-con e-child\" data-id=\"20b3d08\" data-element_type=\"container\">\n\t\t\t\t<div class=\"elementor-element elementor-element-0731e07 elementor-widget elementor-widget-heading\" data-id=\"0731e07\" data-element_type=\"widget\" data-widget_type=\"heading.default\">\n\t\t\t\t\t<h2 class=\"elementor-heading-title elementor-size-default\">Foreign universities<\/h2>\t\t\t\t<\/div>\n\t\t\t\t<div class=\"elementor-element elementor-element-e05a060 elementor-widget elementor-widget-text-editor\" data-id=\"e05a060\" data-element_type=\"widget\" data-widget_type=\"text-editor.default\">\n\t\t\t\t\t\t\t\t\t<ul><li style=\"font-weight: 400;\" aria-level=\"1\"><span style=\"font-weight: 400;\">Department of Media Studies and Journalism, Masaryk University in Brno<\/span><\/li><li style=\"font-weight: 400;\" aria-level=\"1\"><span style=\"font-weight: 400;\">Department of Media and Communication, ELTE University in Budapest<\/span><\/li><li style=\"font-weight: 400;\" aria-level=\"1\"><span style=\"font-weight: 400;\">Faculty of Journalism, University of Warsaw<\/span><\/li><\/ul>\t\t\t\t\t\t\t\t<\/div>\n\t\t\t\t<\/div>\n\t\t\t\t\t<\/div>\n\t\t\t\t<\/div>\n\t\t<div class=\"elementor-element elementor-element-47e158e e-flex e-con-boxed e-con e-parent\" data-id=\"47e158e\" data-element_type=\"container\">\n\t\t\t\t\t<div class=\"e-con-inner\">\n\t\t<div class=\"elementor-element elementor-element-b34f86a e-con-full e-flex e-con e-child\" data-id=\"b34f86a\" data-element_type=\"container\">\n\t\t\t\t<div class=\"elementor-element elementor-element-4e93df3 elementor-widget elementor-widget-image\" data-id=\"4e93df3\" data-element_type=\"widget\" data-widget_type=\"image.default\">\n\t\t\t\t\t\t\t\t\t\t\t\t\t\t\t<img decoding=\"async\" width=\"800\" height=\"534\" src=\"https:\/\/svetmedziriadkami.sk\/wp-content\/uploads\/2025\/11\/fin_f_-62-1024x683.jpg\" class=\"attachment-large size-large wp-image-1014\" alt=\"\" srcset=\"https:\/\/svetmedziriadkami.sk\/wp-content\/uploads\/2025\/11\/fin_f_-62-1024x683.jpg 1024w, https:\/\/svetmedziriadkami.sk\/wp-content\/uploads\/2025\/11\/fin_f_-62-300x200.jpg 300w, https:\/\/svetmedziriadkami.sk\/wp-content\/uploads\/2025\/11\/fin_f_-62-768x512.jpg 768w, https:\/\/svetmedziriadkami.sk\/wp-content\/uploads\/2025\/11\/fin_f_-62-1536x1024.jpg 1536w, https:\/\/svetmedziriadkami.sk\/wp-content\/uploads\/2025\/11\/fin_f_-62-2048x1365.jpg 2048w\" sizes=\"(max-width: 800px) 100vw, 800px\" \/>\t\t\t\t\t\t\t\t\t\t\t\t\t\t\t<\/div>\n\t\t\t\t<\/div>\n\t\t<div class=\"elementor-element elementor-element-715882c e-con-full e-flex e-con e-child\" data-id=\"715882c\" data-element_type=\"container\">\n\t\t\t\t<div class=\"elementor-element elementor-element-82c0996 elementor-widget elementor-widget-heading\" data-id=\"82c0996\" data-element_type=\"widget\" data-widget_type=\"heading.default\">\n\t\t\t\t\t<h2 class=\"elementor-heading-title elementor-size-default\">MEDIA PARTNERS<\/h2>\t\t\t\t<\/div>\n\t\t\t\t<div class=\"elementor-element elementor-element-6206cf2 elementor-widget__width-inherit elementor-widget elementor-widget-text-editor\" data-id=\"6206cf2\" data-element_type=\"widget\" data-widget_type=\"text-editor.default\">\n\t\t\t\t\t\t\t\t\t<p><span style=\"font-weight: 400;\">We work with newsrooms to create media specials on global issues, such as migration, climate change, human rights and social inequalities. We have received several journalism awards for this work. We also support young journalists in producing media content for well-established Slovak media outlets.<\/span><\/p>\t\t\t\t\t\t\t\t<\/div>\n\t\t<div class=\"elementor-element elementor-element-f5c8e59 e-grid e-con-full e-con e-child\" data-id=\"f5c8e59\" data-element_type=\"container\">\n\t\t\t\t<div class=\"elementor-element elementor-element-d69a1e8 elementor-widget elementor-widget-image\" data-id=\"d69a1e8\" data-element_type=\"widget\" data-widget_type=\"image.default\">\n\t\t\t\t\t\t\t\t\t\t\t\t\t\t\t<img loading=\"lazy\" decoding=\"async\" width=\"800\" height=\"400\" src=\"https:\/\/svetmedziriadkami.sk\/wp-content\/uploads\/2025\/11\/smr-media-01-1024x512.png\" class=\"attachment-large size-large wp-image-1009\" alt=\"\" srcset=\"https:\/\/svetmedziriadkami.sk\/wp-content\/uploads\/2025\/11\/smr-media-01-1024x512.png 1024w, https:\/\/svetmedziriadkami.sk\/wp-content\/uploads\/2025\/11\/smr-media-01-300x150.png 300w, https:\/\/svetmedziriadkami.sk\/wp-content\/uploads\/2025\/11\/smr-media-01-768x384.png 768w, https:\/\/svetmedziriadkami.sk\/wp-content\/uploads\/2025\/11\/smr-media-01.png 1250w\" sizes=\"(max-width: 800px) 100vw, 800px\" \/>\t\t\t\t\t\t\t\t\t\t\t\t\t\t\t<\/div>\n\t\t\t\t<div class=\"elementor-element elementor-element-844d627 elementor-widget elementor-widget-image\" data-id=\"844d627\" data-element_type=\"widget\" data-widget_type=\"image.default\">\n\t\t\t\t\t\t\t\t\t\t\t\t\t\t\t<img loading=\"lazy\" decoding=\"async\" width=\"800\" height=\"400\" src=\"https:\/\/svetmedziriadkami.sk\/wp-content\/uploads\/2025\/11\/smr-media-02-1024x512.png\" class=\"attachment-large size-large wp-image-1010\" alt=\"\" srcset=\"https:\/\/svetmedziriadkami.sk\/wp-content\/uploads\/2025\/11\/smr-media-02-1024x512.png 1024w, https:\/\/svetmedziriadkami.sk\/wp-content\/uploads\/2025\/11\/smr-media-02-300x150.png 300w, https:\/\/svetmedziriadkami.sk\/wp-content\/uploads\/2025\/11\/smr-media-02-768x384.png 768w, https:\/\/svetmedziriadkami.sk\/wp-content\/uploads\/2025\/11\/smr-media-02.png 1250w\" sizes=\"(max-width: 800px) 100vw, 800px\" \/>\t\t\t\t\t\t\t\t\t\t\t\t\t\t\t<\/div>\n\t\t\t\t<div class=\"elementor-element elementor-element-af5bff8 elementor-widget elementor-widget-image\" data-id=\"af5bff8\" data-element_type=\"widget\" data-widget_type=\"image.default\">\n\t\t\t\t\t\t\t\t\t\t\t\t\t\t\t<img loading=\"lazy\" decoding=\"async\" width=\"800\" height=\"400\" src=\"https:\/\/svetmedziriadkami.sk\/wp-content\/uploads\/2025\/11\/smr-media-03-1024x512.png\" class=\"attachment-large size-large wp-image-1011\" alt=\"\" srcset=\"https:\/\/svetmedziriadkami.sk\/wp-content\/uploads\/2025\/11\/smr-media-03-1024x512.png 1024w, https:\/\/svetmedziriadkami.sk\/wp-content\/uploads\/2025\/11\/smr-media-03-300x150.png 300w, https:\/\/svetmedziriadkami.sk\/wp-content\/uploads\/2025\/11\/smr-media-03-768x384.png 768w, https:\/\/svetmedziriadkami.sk\/wp-content\/uploads\/2025\/11\/smr-media-03.png 1250w\" sizes=\"(max-width: 800px) 100vw, 800px\" \/>\t\t\t\t\t\t\t\t\t\t\t\t\t\t\t<\/div>\n\t\t\t\t<div class=\"elementor-element elementor-element-37ffe5c elementor-widget elementor-widget-image\" data-id=\"37ffe5c\" data-element_type=\"widget\" data-widget_type=\"image.default\">\n\t\t\t\t\t\t\t\t\t\t\t\t\t\t\t<img loading=\"lazy\" decoding=\"async\" width=\"800\" height=\"400\" src=\"https:\/\/svetmedziriadkami.sk\/wp-content\/uploads\/2025\/11\/smr-media-04-1024x512.png\" class=\"attachment-large size-large wp-image-1013\" alt=\"\" srcset=\"https:\/\/svetmedziriadkami.sk\/wp-content\/uploads\/2025\/11\/smr-media-04-1024x512.png 1024w, https:\/\/svetmedziriadkami.sk\/wp-content\/uploads\/2025\/11\/smr-media-04-300x150.png 300w, https:\/\/svetmedziriadkami.sk\/wp-content\/uploads\/2025\/11\/smr-media-04-768x384.png 768w, https:\/\/svetmedziriadkami.sk\/wp-content\/uploads\/2025\/11\/smr-media-04.png 1250w\" sizes=\"(max-width: 800px) 100vw, 800px\" \/>\t\t\t\t\t\t\t\t\t\t\t\t\t\t\t<\/div>\n\t\t\t\t<div class=\"elementor-element elementor-element-097067e elementor-widget elementor-widget-image\" data-id=\"097067e\" data-element_type=\"widget\" data-widget_type=\"image.default\">\n\t\t\t\t\t\t\t\t\t\t\t\t\t\t\t<img loading=\"lazy\" decoding=\"async\" width=\"800\" height=\"400\" src=\"https:\/\/svetmedziriadkami.sk\/wp-content\/uploads\/2025\/11\/smr-media-05-1024x512.png\" class=\"attachment-large size-large wp-image-1012\" alt=\"\" srcset=\"https:\/\/svetmedziriadkami.sk\/wp-content\/uploads\/2025\/11\/smr-media-05-1024x512.png 1024w, https:\/\/svetmedziriadkami.sk\/wp-content\/uploads\/2025\/11\/smr-media-05-300x150.png 300w, https:\/\/svetmedziriadkami.sk\/wp-content\/uploads\/2025\/11\/smr-media-05-768x384.png 768w, https:\/\/svetmedziriadkami.sk\/wp-content\/uploads\/2025\/11\/smr-media-05.png 1250w\" sizes=\"(max-width: 800px) 100vw, 800px\" \/>\t\t\t\t\t\t\t\t\t\t\t\t\t\t\t<\/div>\n\t\t\t\t<\/div>\n\t\t\t\t<\/div>\n\t\t\t\t\t<\/div>\n\t\t\t\t<\/div>\n\t\t<div class=\"elementor-element elementor-element-0531e2a e-flex e-con-boxed e-con e-parent\" data-id=\"0531e2a\" data-element_type=\"container\">\n\t\t\t\t\t<div class=\"e-con-inner\">\n\t\t<div class=\"elementor-element elementor-element-e5a3c56 e-con-full e-flex e-con e-child\" data-id=\"e5a3c56\" data-element_type=\"container\">\n\t\t\t\t<div class=\"elementor-element elementor-element-7ee1c6a elementor-widget elementor-widget-heading\" data-id=\"7ee1c6a\" data-element_type=\"widget\" data-widget_type=\"heading.default\">\n\t\t\t\t\t<h2 class=\"elementor-heading-title elementor-size-default\">NON-GOVERNMENTAL ORGANISATIONS AND FOUNDATIONS<\/h2>\t\t\t\t<\/div>\n\t\t\t\t<div class=\"elementor-element elementor-element-518ea6c elementor-widget__width-inherit elementor-widget elementor-widget-text-editor\" data-id=\"518ea6c\" data-element_type=\"widget\" data-widget_type=\"text-editor.default\">\n\t\t\t\t\t\t\t\t\t<p><span style=\"font-weight: 400;\">We collaborate with organisations dedicated to human rights, minority groups and global challenges. Thanks to them, we can organise media trips and international conferences, and raise awareness of issues that would otherwise not be covered by the Slovak media. Together, we also produce educational materials and analytical studies on the media's coverage of complex issues.<\/span><\/p>\t\t\t\t\t\t\t\t<\/div>\n\t\t\t\t<div class=\"elementor-element elementor-element-a8eec31 elementor-widget elementor-widget-text-editor\" data-id=\"a8eec31\" data-element_type=\"widget\" data-widget_type=\"text-editor.default\">\n\t\t\t\t\t\t\t\t\t<ul><li style=\"font-weight: 400;\" aria-level=\"1\"><span style=\"font-weight: 400;\">People in Peril<\/span><\/li><li style=\"font-weight: 400;\" aria-level=\"1\"><span style=\"font-weight: 400;\">Global Forum for Media Development<\/span><\/li><li style=\"font-weight: 400;\" aria-level=\"1\"><span style=\"font-weight: 400;\">Minority Rights Group International<\/span><\/li><li style=\"font-weight: 400;\" aria-level=\"1\"><span style=\"font-weight: 400;\">The Eastern Frontier Initiative<\/span><\/li><li style=\"font-weight: 400;\" aria-level=\"1\"><span style=\"font-weight: 400;\">Digital Media Campus Slovensko<\/span><\/li><li style=\"font-weight: 400;\" aria-level=\"1\"><span style=\"font-weight: 400;\">Heinrich B\u00f6ll Stiftung<\/span><\/li><li style=\"font-weight: 400;\" aria-level=\"1\"><span style=\"font-weight: 400;\">Friedrich Ebert Stiftung<\/span><\/li><li style=\"font-weight: 400;\" aria-level=\"1\"><span style=\"font-weight: 400;\">Thomson Reuters Foundation<\/span><\/li><li style=\"font-weight: 400;\" aria-level=\"1\"><span style=\"font-weight: 400;\">UN Information Services<\/span><\/li><li style=\"font-weight: 400;\" aria-level=\"1\"><span style=\"font-weight: 400;\">Human Rights League<\/span><\/li><li style=\"font-weight: 400;\" aria-level=\"1\"><span style=\"font-weight: 400;\">Bratislavsk\u00e9 region\u00e1lne ochran\u00e1rske zdru\u017eenie a \u010fal\u0161\u00ed<\/span><\/li><\/ul>\t\t\t\t\t\t\t\t<\/div>\n\t\t\t\t<\/div>\n\t\t<div class=\"elementor-element elementor-element-8a6d1a6 e-con-full e-flex e-con e-child\" data-id=\"8a6d1a6\" data-element_type=\"container\">\n\t\t\t\t<div class=\"elementor-element elementor-element-c1dae05 elementor-widget elementor-widget-image\" data-id=\"c1dae05\" data-element_type=\"widget\" data-widget_type=\"image.default\">\n\t\t\t\t\t\t\t\t\t\t\t\t\t\t\t<img loading=\"lazy\" decoding=\"async\" width=\"800\" height=\"534\" src=\"https:\/\/svetmedziriadkami.sk\/wp-content\/uploads\/2025\/11\/svetmedziriadkami-stvrtok-19-1-1024x683.jpg\" class=\"attachment-large size-large wp-image-1032\" alt=\"\" srcset=\"https:\/\/svetmedziriadkami.sk\/wp-content\/uploads\/2025\/11\/svetmedziriadkami-stvrtok-19-1-1024x683.jpg 1024w, https:\/\/svetmedziriadkami.sk\/wp-content\/uploads\/2025\/11\/svetmedziriadkami-stvrtok-19-1-300x200.jpg 300w, https:\/\/svetmedziriadkami.sk\/wp-content\/uploads\/2025\/11\/svetmedziriadkami-stvrtok-19-1-768x512.jpg 768w, https:\/\/svetmedziriadkami.sk\/wp-content\/uploads\/2025\/11\/svetmedziriadkami-stvrtok-19-1-1536x1024.jpg 1536w, https:\/\/svetmedziriadkami.sk\/wp-content\/uploads\/2025\/11\/svetmedziriadkami-stvrtok-19-1-2048x1365.jpg 2048w\" sizes=\"(max-width: 800px) 100vw, 800px\" \/>\t\t\t\t\t\t\t\t\t\t\t\t\t\t\t<\/div>\n\t\t\t\t<\/div>\n\t\t\t\t\t<\/div>\n\t\t\t\t<\/div>\n\t\t<div class=\"elementor-element elementor-element-4d8defc e-flex e-con-boxed e-con e-parent\" data-id=\"4d8defc\" data-element_type=\"container\">\n\t\t\t\t\t<div class=\"e-con-inner\">\n\t\t\t\t<div class=\"elementor-element elementor-element-9344870 elementor-widget elementor-widget-heading\" data-id=\"9344870\" data-element_type=\"widget\" data-widget_type=\"heading.default\">\n\t\t\t\t\t<h2 class=\"elementor-heading-title elementor-size-default\">FINANCIAL SUPPORT<\/h2>\t\t\t\t<\/div>\n\t\t\t\t<div class=\"elementor-element elementor-element-6113f28 elementor-widget__width-inherit elementor-widget elementor-widget-text-editor\" data-id=\"6113f28\" data-element_type=\"widget\" data-widget_type=\"text-editor.default\">\n\t\t\t\t\t\t\t\t\t<p><span style=\"font-weight: 400;\">Thanks to the support of the European Union, SlovakAid and the International Visegrad Fund, we are able to implement our educational programmes, festivals and media projects. Thanks to this support, we are able to offer students free courses, finance journalistic trips and produce media specials in collaboration with newsrooms.<\/span><\/p>\t\t\t\t\t\t\t\t<\/div>\n\t\t\t\t\t<\/div>\n\t\t\t\t<\/div>\n\t\t<div class=\"elementor-element elementor-element-8e9b7d5 e-grid e-con-boxed e-con e-parent\" data-id=\"8e9b7d5\" data-element_type=\"container\">\n\t\t\t\t\t<div class=\"e-con-inner\">\n\t\t\t\t<div class=\"elementor-element elementor-element-4bd8a14 elementor-widget elementor-widget-image\" data-id=\"4bd8a14\" data-element_type=\"widget\" data-widget_type=\"image.default\">\n\t\t\t\t\t\t\t\t\t\t\t\t\t\t\t<img loading=\"lazy\" decoding=\"async\" width=\"800\" height=\"178\" src=\"https:\/\/svetmedziriadkami.sk\/wp-content\/uploads\/2025\/11\/EN_Co-fundedbytheEU_RGB_POS-1024x228.png\" class=\"attachment-large size-large wp-image-1025\" alt=\"\" srcset=\"https:\/\/svetmedziriadkami.sk\/wp-content\/uploads\/2025\/11\/EN_Co-fundedbytheEU_RGB_POS-1024x228.png 1024w, https:\/\/svetmedziriadkami.sk\/wp-content\/uploads\/2025\/11\/EN_Co-fundedbytheEU_RGB_POS-300x67.png 300w, https:\/\/svetmedziriadkami.sk\/wp-content\/uploads\/2025\/11\/EN_Co-fundedbytheEU_RGB_POS-768x171.png 768w, https:\/\/svetmedziriadkami.sk\/wp-content\/uploads\/2025\/11\/EN_Co-fundedbytheEU_RGB_POS-1536x343.png 1536w, https:\/\/svetmedziriadkami.sk\/wp-content\/uploads\/2025\/11\/EN_Co-fundedbytheEU_RGB_POS-2048x457.png 2048w\" sizes=\"(max-width: 800px) 100vw, 800px\" \/>\t\t\t\t\t\t\t\t\t\t\t\t\t\t\t<\/div>\n\t\t\t\t<div class=\"elementor-element elementor-element-f96d6ea elementor-widget elementor-widget-image\" data-id=\"f96d6ea\" data-element_type=\"widget\" data-widget_type=\"image.default\">\n\t\t\t\t\t\t\t\t\t\t\t\t\t\t\t<img loading=\"lazy\" decoding=\"async\" width=\"300\" height=\"86\" src=\"https:\/\/svetmedziriadkami.sk\/wp-content\/uploads\/2025\/11\/slovak-aid-logo.png\" class=\"attachment-large size-large wp-image-1024\" alt=\"\" \/>\t\t\t\t\t\t\t\t\t\t\t\t\t\t\t<\/div>\n\t\t\t\t<div class=\"elementor-element elementor-element-b371254 elementor-widget elementor-widget-image\" data-id=\"b371254\" data-element_type=\"widget\" data-widget_type=\"image.default\">\n\t\t\t\t\t\t\t\t\t\t\t\t\t\t\t<img loading=\"lazy\" decoding=\"async\" width=\"427\" height=\"200\" src=\"https:\/\/svetmedziriadkami.sk\/wp-content\/uploads\/2025\/11\/visegrad_fund_logo_supported-by_blue.png\" class=\"attachment-large size-large wp-image-1023\" alt=\"\" srcset=\"https:\/\/svetmedziriadkami.sk\/wp-content\/uploads\/2025\/11\/visegrad_fund_logo_supported-by_blue.png 427w, https:\/\/svetmedziriadkami.sk\/wp-content\/uploads\/2025\/11\/visegrad_fund_logo_supported-by_blue-300x141.png 300w\" sizes=\"(max-width: 427px) 100vw, 427px\" \/>\t\t\t\t\t\t\t\t\t\t\t\t\t\t\t<\/div>\n\t\t\t\t<div class=\"elementor-element elementor-element-2bdfeb5 elementor-widget elementor-widget-text-editor\" data-id=\"2bdfeb5\" data-element_type=\"widget\" data-widget_type=\"text-editor.default\">\n\t\t\t\t\t\t\t\t\t<p>and others<\/p>\t\t\t\t\t\t\t\t<\/div>\n\t\t\t\t\t<\/div>\n\t\t\t\t<\/div>\n\t\t\t\t<\/div>","protected":false},"excerpt":{"rendered":"<p>Partneri a podporovatelia Svet medzi riadkami vznik\u00e1 v spolupr\u00e1ci s akademick\u00fdmi in\u0161tit\u00faciami, m\u00e9diami a neziskov\u00fdmi organiz\u00e1ciami naprie\u010d Eur\u00f3pou. Sp\u00e1jame univerzitn\u00e9 kurzy s redakciami a \u0161tudentov so sk\u00fasen\u00fdmi novin\u00e1rmi. Akademick\u00ed partneri Na vybran\u00fdch katedr\u00e1ch \u017eurnalistiky vyu\u010dujeme predmety zameran\u00e9 na glob\u00e1lne t\u00e9my a medi\u00e1lnu a informa\u010dn\u00fa gramotnos\u0165. \u0160tudentky a \u0161tudenti z t\u00fdchto univerz\u00edt sa m\u00f4\u017eu zap\u00e1ja\u0165 do [&hellip;]<\/p>","protected":false},"author":2,"featured_media":0,"parent":0,"menu_order":0,"comment_status":"closed","ping_status":"closed","template":"","meta":{"footnotes":""},"class_list":["post-999","page","type-page","status-publish","hentry"],"_links":{"self":[{"href":"https:\/\/svetmedziriadkami.sk\/en\/wp-json\/wp\/v2\/pages\/999","targetHints":{"allow":["GET"]}}],"collection":[{"href":"https:\/\/svetmedziriadkami.sk\/en\/wp-json\/wp\/v2\/pages"}],"about":[{"href":"https:\/\/svetmedziriadkami.sk\/en\/wp-json\/wp\/v2\/types\/page"}],"author":[{"embeddable":true,"href":"https:\/\/svetmedziriadkami.sk\/en\/wp-json\/wp\/v2\/users\/2"}],"replies":[{"embeddable":true,"href":"https:\/\/svetmedziriadkami.sk\/en\/wp-json\/wp\/v2\/comments?post=999"}],"version-history":[{"count":16,"href":"https:\/\/svetmedziriadkami.sk\/en\/wp-json\/wp\/v2\/pages\/999\/revisions"}],"predecessor-version":[{"id":1035,"href":"https:\/\/svetmedziriadkami.sk\/en\/wp-json\/wp\/v2\/pages\/999\/revisions\/1035"}],"wp:attachment":[{"href":"https:\/\/svetmedziriadkami.sk\/en\/wp-json\/wp\/v2\/media?parent=999"}],"curies":[{"name":"wp","href":"https:\/\/api.w.org\/{rel}","templated":true}]}}